{"id":18,"date":"2012-11-15T09:51:28","date_gmt":"2012-11-15T09:51:28","guid":{"rendered":"http:\/\/www.rhsoft.at\/hanger\/?page_id=18"},"modified":"2025-10-16T06:37:09","modified_gmt":"2025-10-16T06:37:09","slug":"impressum-kontakt","status":"publish","type":"page","link":"http:\/\/www.hanger.at\/","title":{"rendered":"Kontakt"},"content":{"rendered":"<h2>Kontakt<\/h2>\r\n<table border=\"0\">\r\n<tbody>\r\n<tr>\r\n<td valign=\"top\"><strong>\u00a0Ing. Richard Hanger <\/strong><br \/>(Gesch\u00e4ftsf\u00fchrer)<br \/>\r\n<p>0664\/8494866<br \/>E-Mail: <a href=\"mailto:richard@hanger.at\" target=\"_blank\" rel=\"noopener\">richard[a]hanger.at<br \/><\/a>(Einkauf, Verkauf, Produktion)<\/p>\r\n<br \/><br \/><\/td>\r\n<td><a href=\"http:\/\/www.hanger.at\/wp-content\/uploads\/richard_hanger.jpg\"><img decoding=\"async\" loading=\"lazy\" class=\"alignnone wp-image-106\" src=\"http:\/\/www.hanger.at\/wp-content\/uploads\/richard_hanger.jpg\" alt=\"richard_hanger\" width=\"134\" height=\"193\" \/><\/a><\/td>\r\n<\/tr>\r\n<tr>\r\n<td valign=\"top\"><strong>Herbert Hanger<\/strong><br \/><br \/>0664\/2823830<\/td>\r\n<td><a href=\"http:\/\/www.rhsoft.at\/hanger\/wp-content\/uploads\/kontakt1.jpg\"><img decoding=\"async\" loading=\"lazy\" class=\"alignnone size-full wp-image-33\" title=\"Herbert Hanger\" src=\"http:\/\/www.rhsoft.at\/hanger\/wp-content\/uploads\/kontakt1.jpg\" alt=\"Herbert Hanger Gesch\u00e4ftsf\u00fchrer\" width=\"134\" height=\"172\" \/><\/a><\/td>\r\n<\/tr>\r\n<tr>\r\n<td>\u00a0<\/td>\r\n<td>\u00a0<\/td>\r\n<\/tr>\r\n<\/tbody>\r\n<\/table>\r\n<h1>\u00a0<\/h1>\r\n<h2>Impressum<\/h2>\r\n<div>\r\n<table border=\"0\">\r\n<tbody>\r\n<tr>\r\n<td>\r\n<p><strong>Herbert Hanger Gesellschaft m.b.H.<\/strong><br \/>Handel mit Holz,\u00a0S\u00e4gewerksunternehmungen<br \/>UID-Nr.: ATU 17323901<br \/>FN: 88411t2\/10A<br \/>FB-Gericht: Landesgericht St. P\u00f6lten<br \/>Sitz:\u00a03341 Ybbsitz<br \/>Steinm\u00fchl 11 | Austria<br \/>Tel \u00a0+43 (0) 7443\/86 277-0<br \/>Fax +43 (0) 7443\/86 277-43<br \/>E-Mail:\u00a0<a href=\"mailto:office@hanger.at\">office[a]hanger.at<br \/><\/a><\/p>\r\n<p><br \/>Mitglied der <a href=\"https:\/\/firmen.wko.at\/Web\/Ergebnis.aspx?StandortID=0&amp;Suchbegriff=herbert+hanger&amp;Page=1\" target=\"_blank\" rel=\"noopener\">WKN\u00d6<\/a><br \/>Fachgruppe\/Berufszweig: Handel mit Holz,<br \/>S\u00e4gewerksunternehmungen<br \/>Gesch\u00e4ftsf\u00fchrer: Ing. Richard Hanger<\/p>\r\n<\/td>\r\n<td><iframe loading=\"lazy\" src=\"https:\/\/maps.google.at\/maps?f=q&amp;source=s_q&amp;hl=de&amp;geocode=&amp;q=3341+steinm\u00fchl+11&amp;aq=&amp;sll=48.2213,15.7603&amp;sspn=4.128558,5.185547&amp;ie=UTF8&amp;hq=&amp;hnear=Steinm\u00fchl+11,+3341+Schwarzenberg,+Amstetten,+Nieder%C3%B6sterreich&amp;t=m&amp;ll=47.944119,14.832916&amp;spn=0.017248,0.025749&amp;z=14&amp;iwloc=A&amp;output=embed\" width=\"300\" height=\"300\" frameborder=\"0\" marginwidth=\"0\" marginheight=\"0\" scrolling=\"no\"><\/iframe><br \/><small><a style=\"color: #0000ff; text-align: left;\" href=\"https:\/\/maps.google.at\/maps?f=q&amp;source=embed&amp;hl=de&amp;geocode=&amp;q=3341+steinm\u00fchl+11&amp;aq=&amp;sll=48.2213,15.7603&amp;sspn=4.128558,5.185547&amp;ie=UTF8&amp;hq=&amp;hnear=Steinm\u00fchl+11,+3341+Steinm\u00fchl,+Amstetten,+Nieder%C3%B6sterreich&amp;t=m&amp;ll=47.944119,14.832916&amp;spn=0.017248,0.025749&amp;z=14&amp;iwloc=A\">Gr\u00f6\u00dfere Kartenansicht<\/a><\/small><\/td>\r\n<\/tr>\r\n<\/tbody>\r\n<\/table>\r\n<\/div>\r\n\r\n<p>&nbsp;<\/p>\r\n","protected":false},"excerpt":{"rendered":"<p>Kontakt \u00a0Ing. Richard Hanger (Gesch\u00e4ftsf\u00fchrer) 0664\/8494866E-Mail: richard[a]hanger.at(Einkauf, Verkauf, Produktion) Herbert Hanger 0664\/2823830 \u00a0 \u00a0 \u00a0 Impressum Herbert Hanger Gesellschaft m.b.H.Handel mit Holz,\u00a0S\u00e4gewerksunternehmungenUID-Nr.: ATU 17323901FN: 88411t2\/10AFB-Gericht: Landesgericht St. P\u00f6ltenSitz:\u00a03341 YbbsitzSteinm\u00fchl 11 | AustriaTel \u00a0+43 (0) 7443\/86 277-0Fax +43 (0) 7443\/86 277-43E-Mail:\u00a0office[a]hanger.at Mitglied der WKN\u00d6Fachgruppe\/Berufszweig: Handel mit Holz,S\u00e4gewerksunternehmungenGesch\u00e4ftsf\u00fchrer: Ing. Richard Hanger Gr\u00f6\u00dfere Kartenansicht &nbsp;<\/p>\n","protected":false},"author":2,"featured_media":0,"parent":0,"menu_order":7,"comment_status":"closed","ping_status":"closed","template":"","meta":{"footnotes":""},"_links":{"self":[{"href":"http:\/\/www.hanger.at\/index.php?rest_route=\/wp\/v2\/pages\/18"}],"collection":[{"href":"http:\/\/www.hanger.at\/index.php?rest_route=\/wp\/v2\/pages"}],"about":[{"href":"http:\/\/www.hanger.at\/index.php?rest_route=\/wp\/v2\/types\/page"}],"author":[{"embeddable":true,"href":"http:\/\/www.hanger.at\/index.php?rest_route=\/wp\/v2\/users\/2"}],"replies":[{"embeddable":true,"href":"http:\/\/www.hanger.at\/index.php?rest_route=%2Fwp%2Fv2%2Fcomments&post=18"}],"version-history":[{"count":31,"href":"http:\/\/www.hanger.at\/index.php?rest_route=\/wp\/v2\/pages\/18\/revisions"}],"predecessor-version":[{"id":198,"href":"http:\/\/www.hanger.at\/index.php?rest_route=\/wp\/v2\/pages\/18\/revisions\/198"}],"wp:attachment":[{"href":"http:\/\/www.hanger.at\/index.php?rest_route=%2Fwp%2Fv2%2Fmedia&parent=18"}],"curies":[{"name":"wp","href":"https:\/\/api.w.org\/{rel}","templated":true}]}}