{"id":6,"date":"2012-11-15T09:39:33","date_gmt":"2012-11-15T09:39:33","guid":{"rendered":"http:\/\/www.rhsoft.at\/hanger\/?page_id=6"},"modified":"2012-11-19T08:46:56","modified_gmt":"2012-11-19T08:46:56","slug":"sagenebenprodukte","status":"publish","type":"page","link":"http:\/\/www.hanger.at\/?page_id=6","title":{"rendered":"S\u00e4genebenprodukte"},"content":{"rendered":"<p>Da wir beinahe nur Laubholz mit hoher Rohdichte verarbeiten eignen sich unsere S\u00e4genebenprodukte hervorragend f\u00fcr die thermische Verwertung.<\/p>\n<table border=\"0\">\n<tbody>\n<tr>\n<td><a href=\"http:\/\/www.rhsoft.at\/hanger\/wp-content\/uploads\/saegennebenprodukte1.jpg\"><img decoding=\"async\" loading=\"lazy\" class=\"alignnone  wp-image-56\" title=\"saegennebenprodukte1\" src=\"http:\/\/www.rhsoft.at\/hanger\/wp-content\/uploads\/saegennebenprodukte1.jpg\" alt=\"\" width=\"313\" height=\"237\" srcset=\"http:\/\/www.hanger.at\/wp-content\/uploads\/saegennebenprodukte1.jpg 452w, http:\/\/www.hanger.at\/wp-content\/uploads\/saegennebenprodukte1-300x226.jpg 300w\" sizes=\"(max-width: 313px) 100vw, 313px\" \/><\/a><a href=\"http:\/\/www.rhsoft.at\/hanger\/wp-content\/uploads\/saegennebenprodukte1.jpg\"><br \/>\n<\/a><\/td>\n<td><a href=\"http:\/\/www.rhsoft.at\/hanger\/wp-content\/uploads\/saegennebenprodukte2.jpg\"><img decoding=\"async\" loading=\"lazy\" class=\"alignnone  wp-image-58\" title=\"saegennebenprodukte2\" src=\"http:\/\/www.rhsoft.at\/hanger\/wp-content\/uploads\/saegennebenprodukte2.jpg\" alt=\"\" width=\"313\" height=\"235\" srcset=\"http:\/\/www.hanger.at\/wp-content\/uploads\/saegennebenprodukte2.jpg 451w, http:\/\/www.hanger.at\/wp-content\/uploads\/saegennebenprodukte2-300x225.jpg 300w\" sizes=\"(max-width: 313px) 100vw, 313px\" \/><\/a><\/td>\n<\/tr>\n<\/tbody>\n<\/table>\n<p>Wir bieten an:<\/p>\n<ul>\n<li>Rinde<\/li>\n<li>S\u00e4gesp\u00e4ne (trocken oder frisch)<\/li>\n<li>Hackgut\n<ul>\n<li>kleine Fraktionsgr\u00f6\u00dfe (trocken)<\/li>\n<li>gro\u00dfe Fraktionsgr\u00f6\u00dfe (frisch)<\/li>\n<\/ul>\n<\/li>\n<\/ul>\n","protected":false},"excerpt":{"rendered":"<p>Da wir beinahe nur Laubholz mit hoher Rohdichte verarbeiten eignen sich unsere S\u00e4genebenprodukte hervorragend f\u00fcr die thermische Verwertung. Wir bieten an: Rinde S\u00e4gesp\u00e4ne (trocken oder frisch) Hackgut kleine Fraktionsgr\u00f6\u00dfe (trocken) gro\u00dfe Fraktionsgr\u00f6\u00dfe (frisch)<\/p>\n","protected":false},"author":2,"featured_media":0,"parent":0,"menu_order":2,"comment_status":"closed","ping_status":"closed","template":"","meta":{"footnotes":""},"_links":{"self":[{"href":"http:\/\/www.hanger.at\/index.php?rest_route=\/wp\/v2\/pages\/6"}],"collection":[{"href":"http:\/\/www.hanger.at\/index.php?rest_route=\/wp\/v2\/pages"}],"about":[{"href":"http:\/\/www.hanger.at\/index.php?rest_route=\/wp\/v2\/types\/page"}],"author":[{"embeddable":true,"href":"http:\/\/www.hanger.at\/index.php?rest_route=\/wp\/v2\/users\/2"}],"replies":[{"embeddable":true,"href":"http:\/\/www.hanger.at\/index.php?rest_route=%2Fwp%2Fv2%2Fcomments&post=6"}],"version-history":[{"count":4,"href":"http:\/\/www.hanger.at\/index.php?rest_route=\/wp\/v2\/pages\/6\/revisions"}],"predecessor-version":[{"id":79,"href":"http:\/\/www.hanger.at\/index.php?rest_route=\/wp\/v2\/pages\/6\/revisions\/79"}],"wp:attachment":[{"href":"http:\/\/www.hanger.at\/index.php?rest_route=%2Fwp%2Fv2%2Fmedia&parent=6"}],"curies":[{"name":"wp","href":"https:\/\/api.w.org\/{rel}","templated":true}]}}