{"id":9,"date":"2012-11-15T09:43:34","date_gmt":"2012-11-15T09:43:34","guid":{"rendered":"http:\/\/www.rhsoft.at\/hanger\/?page_id=9"},"modified":"2012-11-19T08:48:56","modified_gmt":"2012-11-19T08:48:56","slug":"trocknung","status":"publish","type":"page","link":"http:\/\/www.hanger.at\/?page_id=9","title":{"rendered":"Trocknung"},"content":{"rendered":"<p>Auf Wunsch kann unser Schnittholz getrocknet und\/oder ged\u00e4mpft werden! Die Beschickung der Kammern erfolgt mit einem Frontstapler.<\/p>\n<table border=\"0\">\n<tbody>\n<tr>\n<td><a href=\"http:\/\/www.rhsoft.at\/hanger\/wp-content\/uploads\/trocknung1.jpg\"><img decoding=\"async\" loading=\"lazy\" class=\"alignnone  wp-image-61\" title=\"trocknung1\" src=\"http:\/\/www.rhsoft.at\/hanger\/wp-content\/uploads\/trocknung1.jpg\" alt=\"\" width=\"322\" height=\"243\" srcset=\"http:\/\/www.hanger.at\/wp-content\/uploads\/trocknung1.jpg 448w, http:\/\/www.hanger.at\/wp-content\/uploads\/trocknung1-300x225.jpg 300w\" sizes=\"(max-width: 322px) 100vw, 322px\" \/><\/a><\/td>\n<td><a href=\"http:\/\/www.rhsoft.at\/hanger\/wp-content\/uploads\/trocknung2.jpg\"><img decoding=\"async\" loading=\"lazy\" class=\"alignnone  wp-image-62\" title=\"trocknung2\" src=\"http:\/\/www.rhsoft.at\/hanger\/wp-content\/uploads\/trocknung2.jpg\" alt=\"\" width=\"323\" height=\"241\" srcset=\"http:\/\/www.hanger.at\/wp-content\/uploads\/trocknung2.jpg 449w, http:\/\/www.hanger.at\/wp-content\/uploads\/trocknung2-300x223.jpg 300w\" sizes=\"(max-width: 323px) 100vw, 323px\" \/><\/a><\/td>\n<\/tr>\n<\/tbody>\n<\/table>\n<p>Insgesamt verf\u00fcgen wir \u00fcber zwei D\u00e4mpfkammern und 4 Frisch-\/Abluft-Trockenkammern.<\/p>\n<p>F\u00fcr die n\u00f6tige W\u00e4rmeenergie sorgt ein eigenes Biomassekraftwerk (Baujahr 2007), welches mit eigenen S\u00e4genebenprodukten betrieben wird.<\/p>\n<p><a href=\"http:\/\/www.rhsoft.at\/hanger\/wp-content\/uploads\/trocknung3.jpg\"><img decoding=\"async\" loading=\"lazy\" class=\"alignnone  wp-image-63\" title=\"trocknung3\" src=\"http:\/\/www.rhsoft.at\/hanger\/wp-content\/uploads\/trocknung3.jpg\" alt=\"\" width=\"322\" height=\"242\" srcset=\"http:\/\/www.hanger.at\/wp-content\/uploads\/trocknung3.jpg 447w, http:\/\/www.hanger.at\/wp-content\/uploads\/trocknung3-300x225.jpg 300w\" sizes=\"(max-width: 322px) 100vw, 322px\" \/><\/a><\/p>\n","protected":false},"excerpt":{"rendered":"<p>Auf Wunsch kann unser Schnittholz getrocknet und\/oder ged\u00e4mpft werden! Die Beschickung der Kammern erfolgt mit einem Frontstapler. Insgesamt verf\u00fcgen wir \u00fcber zwei D\u00e4mpfkammern und 4 Frisch-\/Abluft-Trockenkammern. F\u00fcr die n\u00f6tige W\u00e4rmeenergie sorgt ein eigenes Biomassekraftwerk (Baujahr 2007), welches mit eigenen S\u00e4genebenprodukten betrieben wird.<\/p>\n","protected":false},"author":2,"featured_media":0,"parent":0,"menu_order":3,"comment_status":"closed","ping_status":"closed","template":"","meta":{"footnotes":""},"_links":{"self":[{"href":"http:\/\/www.hanger.at\/index.php?rest_route=\/wp\/v2\/pages\/9"}],"collection":[{"href":"http:\/\/www.hanger.at\/index.php?rest_route=\/wp\/v2\/pages"}],"about":[{"href":"http:\/\/www.hanger.at\/index.php?rest_route=\/wp\/v2\/types\/page"}],"author":[{"embeddable":true,"href":"http:\/\/www.hanger.at\/index.php?rest_route=\/wp\/v2\/users\/2"}],"replies":[{"embeddable":true,"href":"http:\/\/www.hanger.at\/index.php?rest_route=%2Fwp%2Fv2%2Fcomments&post=9"}],"version-history":[{"count":4,"href":"http:\/\/www.hanger.at\/index.php?rest_route=\/wp\/v2\/pages\/9\/revisions"}],"predecessor-version":[{"id":81,"href":"http:\/\/www.hanger.at\/index.php?rest_route=\/wp\/v2\/pages\/9\/revisions\/81"}],"wp:attachment":[{"href":"http:\/\/www.hanger.at\/index.php?rest_route=%2Fwp%2Fv2%2Fmedia&parent=9"}],"curies":[{"name":"wp","href":"https:\/\/api.w.org\/{rel}","templated":true}]}}